{"id":1360,"date":"2020-01-13T21:20:57","date_gmt":"2020-01-13T21:20:57","guid":{"rendered":"http:\/\/ecuasacos.com\/?page_id=1360"},"modified":"2021-10-12T16:28:16","modified_gmt":"2021-10-12T21:28:16","slug":"responsabilidad-ambiental","status":"publish","type":"page","link":"http:\/\/ecuasacos.com\/index.php\/responsabilidad-ambiental\/","title":{"rendered":"Responsabilidad Ambiental"},"content":{"rendered":"\t\t<div data-elementor-type=\"wp-page\" data-elementor-id=\"1360\" class=\"elementor elementor-1360\">\n\t\t\t\t\t\t<section class=\"elementor-section elementor-top-section elementor-element elementor-element-14c3775 elementor-section-stretched elementor-section-boxed elementor-section-height-default elementor-section-height-default\" data-id=\"14c3775\" data-element_type=\"section\" data-settings=\"{&quot;stretch_section&quot;:&quot;section-stretched&quot;}\">\n\t\t\t\t\t\t<div class=\"elementor-container elementor-column-gap-default\">\n\t\t\t\t\t<div class=\"elementor-column elementor-col-50 elementor-top-column elementor-element elementor-element-ef4b6bb\" data-id=\"ef4b6bb\" data-element_type=\"column\">\n\t\t\t<div class=\"elementor-widget-wrap elementor-element-populated\">\n\t\t\t\t\t\t<div class=\"elementor-element elementor-element-fd301c2 elementor-widget elementor-widget-image\" data-id=\"fd301c2\" data-element_type=\"widget\" data-widget_type=\"image.default\">\n\t\t\t\t<div class=\"elementor-widget-container\">\n\t\t\t\t\t\t\t\t\t\t\t\t\t\t\t<img fetchpriority=\"high\" decoding=\"async\" width=\"945\" height=\"536\" src=\"http:\/\/ecuasacos.com\/wp-content\/uploads\/2021\/10\/ecuasacos-responsabilidad-ambiental.jpg\" class=\"attachment-full size-full wp-image-1448\" alt=\"\" srcset=\"http:\/\/ecuasacos.com\/wp-content\/uploads\/2021\/10\/ecuasacos-responsabilidad-ambiental.jpg 945w, http:\/\/ecuasacos.com\/wp-content\/uploads\/2021\/10\/ecuasacos-responsabilidad-ambiental-300x170.jpg 300w, http:\/\/ecuasacos.com\/wp-content\/uploads\/2021\/10\/ecuasacos-responsabilidad-ambiental-768x436.jpg 768w\" sizes=\"(max-width: 945px) 100vw, 945px\" \/>\t\t\t\t\t\t\t\t\t\t\t\t\t\t\t<\/div>\n\t\t\t\t<\/div>\n\t\t\t\t\t<\/div>\n\t\t<\/div>\n\t\t\t\t<div class=\"elementor-column elementor-col-50 elementor-top-column elementor-element elementor-element-ce759a6\" data-id=\"ce759a6\" data-element_type=\"column\">\n\t\t\t<div class=\"elementor-widget-wrap elementor-element-populated\">\n\t\t\t\t\t\t<div class=\"elementor-element elementor-element-9fea4f7 elementor-widget elementor-widget-text-editor\" data-id=\"9fea4f7\" data-element_type=\"widget\" data-widget_type=\"text-editor.default\">\n\t\t\t\t<div class=\"elementor-widget-container\">\n\t\t\t\t\t\t\t\t\t<p>Contamos con una de las mejores tecnolog\u00edas para el reciclado de polietileno y polipropileno ofreciendo un servicio con mejores costos sumado al agregado de la protecci\u00f3n ambiental.<\/p><p>Nuestro propio desperdicio de f\u00e1brica se reutiliza logrando nuevos y mejores productos, reduciendo al m\u00e1ximo el impacto ambiental que las industrias pl\u00e1sticas pueden generar.<\/p><p><strong>Declaraci\u00f3n de Impacto Ambiental (Ex \u2013 Post) Operaci\u00f3n y Mantenimiento de la empresa ACCLUSOL S.A. <a href=\"http:\/\/ecuasacos.com\/wp-content\/uploads\/2020\/01\/DIA_ACCLUSOL.pdf\">Descargar<\/a><\/strong><\/p><p>\u00a0<\/p>\t\t\t\t\t\t\t\t<\/div>\n\t\t\t\t<\/div>\n\t\t\t\t\t<\/div>\n\t\t<\/div>\n\t\t\t\t\t<\/div>\n\t\t<\/section>\n\t\t\t\t<\/div>\n\t\t","protected":false},"excerpt":{"rendered":"<p>Contamos con una de las mejores tecnolog\u00edas para el reciclado de polietileno y polipropileno ofreciendo un servicio con mejores costos sumado al agregado de la protecci\u00f3n ambiental. Nuestro propio desperdicio de f\u00e1brica se reutiliza logrando nuevos y mejores productos, reduciendo al m\u00e1ximo el impacto ambiental que las industrias pl\u00e1sticas pueden generar. Declaraci\u00f3n de Impacto Ambiental [&hellip;]<\/p>\n","protected":false},"author":1,"featured_media":0,"parent":0,"menu_order":0,"comment_status":"closed","ping_status":"closed","template":"page-templates\/pagebuilder.php","meta":{"om_disable_all_campaigns":false,"_monsterinsights_skip_tracking":false,"_monsterinsights_sitenote_active":false,"_monsterinsights_sitenote_note":"","_monsterinsights_sitenote_category":0,"footnotes":""},"class_list":["post-1360","page","type-page","status-publish","hentry"],"jetpack_sharing_enabled":true,"_links":{"self":[{"href":"http:\/\/ecuasacos.com\/index.php\/wp-json\/wp\/v2\/pages\/1360","targetHints":{"allow":["GET"]}}],"collection":[{"href":"http:\/\/ecuasacos.com\/index.php\/wp-json\/wp\/v2\/pages"}],"about":[{"href":"http:\/\/ecuasacos.com\/index.php\/wp-json\/wp\/v2\/types\/page"}],"author":[{"embeddable":true,"href":"http:\/\/ecuasacos.com\/index.php\/wp-json\/wp\/v2\/users\/1"}],"replies":[{"embeddable":true,"href":"http:\/\/ecuasacos.com\/index.php\/wp-json\/wp\/v2\/comments?post=1360"}],"version-history":[{"count":10,"href":"http:\/\/ecuasacos.com\/index.php\/wp-json\/wp\/v2\/pages\/1360\/revisions"}],"predecessor-version":[{"id":1451,"href":"http:\/\/ecuasacos.com\/index.php\/wp-json\/wp\/v2\/pages\/1360\/revisions\/1451"}],"wp:attachment":[{"href":"http:\/\/ecuasacos.com\/index.php\/wp-json\/wp\/v2\/media?parent=1360"}],"curies":[{"name":"wp","href":"https:\/\/api.w.org\/{rel}","templated":true}]}}