{"id":1379,"date":"2020-01-13T22:38:42","date_gmt":"2020-01-13T22:38:42","guid":{"rendered":"http:\/\/ecuasacos.com\/?page_id=1379"},"modified":"2022-03-31T14:29:26","modified_gmt":"2022-03-31T19:29:26","slug":"proceso-y-calidad","status":"publish","type":"page","link":"http:\/\/ecuasacos.com\/index.php\/proceso-y-calidad\/","title":{"rendered":"Proceso y calidad"},"content":{"rendered":"\t\t<div data-elementor-type=\"wp-page\" data-elementor-id=\"1379\" class=\"elementor elementor-1379\">\n\t\t\t\t\t\t<section class=\"elementor-section elementor-top-section elementor-element elementor-element-eaf0917 elementor-section-boxed elementor-section-height-default elementor-section-height-default\" data-id=\"eaf0917\" data-element_type=\"section\">\n\t\t\t\t\t\t<div class=\"elementor-container elementor-column-gap-default\">\n\t\t\t\t\t<div class=\"elementor-column elementor-col-25 elementor-top-column elementor-element elementor-element-0aaf61a\" data-id=\"0aaf61a\" data-element_type=\"column\">\n\t\t\t<div class=\"elementor-widget-wrap elementor-element-populated\">\n\t\t\t\t\t\t<div class=\"elementor-element elementor-element-7364f37 elementor-widget elementor-widget-image\" data-id=\"7364f37\" data-element_type=\"widget\" data-widget_type=\"image.default\">\n\t\t\t\t<div class=\"elementor-widget-container\">\n\t\t\t\t\t\t\t\t\t\t\t\t\t\t\t<img fetchpriority=\"high\" decoding=\"async\" width=\"945\" height=\"536\" src=\"http:\/\/ecuasacos.com\/wp-content\/uploads\/2021\/10\/sacos-polipropileno-calidad1-2.jpg\" class=\"attachment-full size-full wp-image-1452\" alt=\"\" srcset=\"http:\/\/ecuasacos.com\/wp-content\/uploads\/2021\/10\/sacos-polipropileno-calidad1-2.jpg 945w, http:\/\/ecuasacos.com\/wp-content\/uploads\/2021\/10\/sacos-polipropileno-calidad1-2-300x170.jpg 300w, http:\/\/ecuasacos.com\/wp-content\/uploads\/2021\/10\/sacos-polipropileno-calidad1-2-768x436.jpg 768w\" sizes=\"(max-width: 945px) 100vw, 945px\" \/>\t\t\t\t\t\t\t\t\t\t\t\t\t\t\t<\/div>\n\t\t\t\t<\/div>\n\t\t\t\t\t<\/div>\n\t\t<\/div>\n\t\t\t\t<div class=\"elementor-column elementor-col-25 elementor-top-column elementor-element elementor-element-1e910df\" data-id=\"1e910df\" data-element_type=\"column\">\n\t\t\t<div class=\"elementor-widget-wrap elementor-element-populated\">\n\t\t\t\t\t\t<div class=\"elementor-element elementor-element-06aa67e elementor-widget elementor-widget-text-editor\" data-id=\"06aa67e\" data-element_type=\"widget\" data-widget_type=\"text-editor.default\">\n\t\t\t\t<div class=\"elementor-widget-container\">\n\t\t\t\t\t\t\t\t\t<p><strong>Obtenci\u00f3n de la materia prima<br \/><\/strong>El proceso inicia con la obtenci\u00f3n de la materia prima la cual es importada y llega en contenedores para luego ser utilizada en el proceso extrusi\u00f3n.<\/p><p>La materia prima que se utilizan normalmente para la elaboraci\u00f3n de los sacos es: Polipropileno, carbonato de calcio, pigmentos.<\/p>\t\t\t\t\t\t\t\t<\/div>\n\t\t\t\t<\/div>\n\t\t\t\t\t<\/div>\n\t\t<\/div>\n\t\t\t\t<div class=\"elementor-column elementor-col-25 elementor-top-column elementor-element elementor-element-4a66f8b\" data-id=\"4a66f8b\" data-element_type=\"column\">\n\t\t\t<div class=\"elementor-widget-wrap elementor-element-populated\">\n\t\t\t\t\t\t<div class=\"elementor-element elementor-element-c92ac5d elementor-widget elementor-widget-image\" data-id=\"c92ac5d\" data-element_type=\"widget\" data-widget_type=\"image.default\">\n\t\t\t\t<div class=\"elementor-widget-container\">\n\t\t\t\t\t\t\t\t\t\t\t\t\t\t\t\t<a href=\"http:\/\/ecuasacos.com\/wp-content\/uploads\/2021\/12\/extrusion-sacos-ecuador.jpeg\" data-elementor-open-lightbox=\"yes\" data-elementor-lightbox-title=\"extrusion-sacos-ecuador\" data-e-action-hash=\"#elementor-action%3Aaction%3Dlightbox%26settings%3DeyJpZCI6MTQ5NiwidXJsIjoiaHR0cDpcL1wvZWN1YXNhY29zLmNvbVwvd3AtY29udGVudFwvdXBsb2Fkc1wvMjAyMVwvMTJcL2V4dHJ1c2lvbi1zYWNvcy1lY3VhZG9yLmpwZWcifQ%3D%3D\">\n\t\t\t\t\t\t\t<img decoding=\"async\" width=\"1024\" height=\"845\" src=\"http:\/\/ecuasacos.com\/wp-content\/uploads\/2021\/12\/extrusion-sacos-ecuador.jpeg\" class=\"attachment-full size-full wp-image-1496\" alt=\"\" srcset=\"http:\/\/ecuasacos.com\/wp-content\/uploads\/2021\/12\/extrusion-sacos-ecuador.jpeg 1024w, http:\/\/ecuasacos.com\/wp-content\/uploads\/2021\/12\/extrusion-sacos-ecuador-300x248.jpeg 300w, http:\/\/ecuasacos.com\/wp-content\/uploads\/2021\/12\/extrusion-sacos-ecuador-768x634.jpeg 768w\" sizes=\"(max-width: 1024px) 100vw, 1024px\" \/>\t\t\t\t\t\t\t\t<\/a>\n\t\t\t\t\t\t\t\t\t\t\t\t\t\t\t<\/div>\n\t\t\t\t<\/div>\n\t\t\t\t\t<\/div>\n\t\t<\/div>\n\t\t\t\t<div class=\"elementor-column elementor-col-25 elementor-top-column elementor-element elementor-element-b89559d\" data-id=\"b89559d\" data-element_type=\"column\">\n\t\t\t<div class=\"elementor-widget-wrap elementor-element-populated\">\n\t\t\t\t\t\t<div class=\"elementor-element elementor-element-0fc55f6 elementor-widget elementor-widget-text-editor\" data-id=\"0fc55f6\" data-element_type=\"widget\" data-widget_type=\"text-editor.default\">\n\t\t\t\t<div class=\"elementor-widget-container\">\n\t\t\t\t\t\t\t\t\t<p><strong>Proceso de extrusi\u00f3n<br \/><\/strong>Contamos con dos extrusoras de enfriamiento en agua , donde se elabora la rafia que es embobinada, de la cual se toma un muestreo para llevar un control del peso del producto seg\u00fan las especificaciones requeridas. Las dimensiones de los sacos se los determinan en base a los requerimientos del cliente.<\/p>\t\t\t\t\t\t\t\t<\/div>\n\t\t\t\t<\/div>\n\t\t\t\t\t<\/div>\n\t\t<\/div>\n\t\t\t\t\t<\/div>\n\t\t<\/section>\n\t\t\t\t<section class=\"elementor-section elementor-top-section elementor-element elementor-element-ce86198 elementor-section-boxed elementor-section-height-default elementor-section-height-default\" data-id=\"ce86198\" data-element_type=\"section\">\n\t\t\t\t\t\t<div class=\"elementor-container elementor-column-gap-default\">\n\t\t\t\t\t<div class=\"elementor-column elementor-col-25 elementor-top-column elementor-element elementor-element-5a94a13\" data-id=\"5a94a13\" data-element_type=\"column\">\n\t\t\t<div class=\"elementor-widget-wrap elementor-element-populated\">\n\t\t\t\t\t\t<div class=\"elementor-element elementor-element-82b3bb9 elementor-widget elementor-widget-image\" data-id=\"82b3bb9\" data-element_type=\"widget\" data-widget_type=\"image.default\">\n\t\t\t\t<div class=\"elementor-widget-container\">\n\t\t\t\t\t\t\t\t\t\t\t\t\t\t\t\t<a href=\"http:\/\/ecuasacos.com\/wp-content\/uploads\/2021\/12\/textil-sacos-ecuador.jpeg\" data-elementor-open-lightbox=\"yes\" data-elementor-lightbox-title=\"textil-sacos-ecuador\" data-e-action-hash=\"#elementor-action%3Aaction%3Dlightbox%26settings%3DeyJpZCI6MTUwMCwidXJsIjoiaHR0cDpcL1wvZWN1YXNhY29zLmNvbVwvd3AtY29udGVudFwvdXBsb2Fkc1wvMjAyMVwvMTJcL3RleHRpbC1zYWNvcy1lY3VhZG9yLmpwZWcifQ%3D%3D\">\n\t\t\t\t\t\t\t<img decoding=\"async\" width=\"1280\" height=\"958\" src=\"http:\/\/ecuasacos.com\/wp-content\/uploads\/2021\/12\/textil-sacos-ecuador.jpeg\" class=\"attachment-full size-full wp-image-1500\" alt=\"\" srcset=\"http:\/\/ecuasacos.com\/wp-content\/uploads\/2021\/12\/textil-sacos-ecuador.jpeg 1280w, http:\/\/ecuasacos.com\/wp-content\/uploads\/2021\/12\/textil-sacos-ecuador-300x225.jpeg 300w, http:\/\/ecuasacos.com\/wp-content\/uploads\/2021\/12\/textil-sacos-ecuador-1024x766.jpeg 1024w, http:\/\/ecuasacos.com\/wp-content\/uploads\/2021\/12\/textil-sacos-ecuador-768x575.jpeg 768w\" sizes=\"(max-width: 1280px) 100vw, 1280px\" \/>\t\t\t\t\t\t\t\t<\/a>\n\t\t\t\t\t\t\t\t\t\t\t\t\t\t\t<\/div>\n\t\t\t\t<\/div>\n\t\t\t\t\t<\/div>\n\t\t<\/div>\n\t\t\t\t<div class=\"elementor-column elementor-col-25 elementor-top-column elementor-element elementor-element-5c3fad9\" data-id=\"5c3fad9\" data-element_type=\"column\">\n\t\t\t<div class=\"elementor-widget-wrap elementor-element-populated\">\n\t\t\t\t\t\t<div class=\"elementor-element elementor-element-203f232 elementor-widget elementor-widget-text-editor\" data-id=\"203f232\" data-element_type=\"widget\" data-widget_type=\"text-editor.default\">\n\t\t\t\t<div class=\"elementor-widget-container\">\n\t\t\t\t\t\t\t\t\t<p><strong>Proceso de textil<br \/><\/strong>Esta \u00e1rea cuenta con 57 telares, aqu\u00ed se producen telas de tipo tubular y tela abierta de hasta 4.20m las dimensiones de las telas oscilan entre 30-85 Cm. De ancho.<\/p>\t\t\t\t\t\t\t\t<\/div>\n\t\t\t\t<\/div>\n\t\t\t\t\t<\/div>\n\t\t<\/div>\n\t\t\t\t<div class=\"elementor-column elementor-col-25 elementor-top-column elementor-element elementor-element-bd855b7\" data-id=\"bd855b7\" data-element_type=\"column\">\n\t\t\t<div class=\"elementor-widget-wrap elementor-element-populated\">\n\t\t\t\t\t\t<div class=\"elementor-element elementor-element-5a50cc7 elementor-widget elementor-widget-image\" data-id=\"5a50cc7\" data-element_type=\"widget\" data-widget_type=\"image.default\">\n\t\t\t\t<div class=\"elementor-widget-container\">\n\t\t\t\t\t\t\t\t\t\t\t\t\t\t\t\t<a href=\"http:\/\/ecuasacos.com\/wp-content\/uploads\/2021\/12\/impresion-sacos-ecuador2.jpeg\" data-elementor-open-lightbox=\"yes\" data-elementor-lightbox-title=\"impresion-sacos-ecuador2\" data-e-action-hash=\"#elementor-action%3Aaction%3Dlightbox%26settings%3DeyJpZCI6MTUxMywidXJsIjoiaHR0cDpcL1wvZWN1YXNhY29zLmNvbVwvd3AtY29udGVudFwvdXBsb2Fkc1wvMjAyMVwvMTJcL2ltcHJlc2lvbi1zYWNvcy1lY3VhZG9yMi5qcGVnIn0%3D\">\n\t\t\t\t\t\t\t<img loading=\"lazy\" decoding=\"async\" width=\"1284\" height=\"1349\" src=\"http:\/\/ecuasacos.com\/wp-content\/uploads\/2021\/12\/impresion-sacos-ecuador2.jpeg\" class=\"attachment-full size-full wp-image-1513\" alt=\"\" srcset=\"http:\/\/ecuasacos.com\/wp-content\/uploads\/2021\/12\/impresion-sacos-ecuador2.jpeg 1284w, http:\/\/ecuasacos.com\/wp-content\/uploads\/2021\/12\/impresion-sacos-ecuador2-286x300.jpeg 286w, http:\/\/ecuasacos.com\/wp-content\/uploads\/2021\/12\/impresion-sacos-ecuador2-975x1024.jpeg 975w, http:\/\/ecuasacos.com\/wp-content\/uploads\/2021\/12\/impresion-sacos-ecuador2-768x807.jpeg 768w\" sizes=\"(max-width: 1284px) 100vw, 1284px\" \/>\t\t\t\t\t\t\t\t<\/a>\n\t\t\t\t\t\t\t\t\t\t\t\t\t\t\t<\/div>\n\t\t\t\t<\/div>\n\t\t\t\t\t<\/div>\n\t\t<\/div>\n\t\t\t\t<div class=\"elementor-column elementor-col-25 elementor-top-column elementor-element elementor-element-0a2963d\" data-id=\"0a2963d\" data-element_type=\"column\">\n\t\t\t<div class=\"elementor-widget-wrap elementor-element-populated\">\n\t\t\t\t\t\t<div class=\"elementor-element elementor-element-4d0b2ac elementor-widget elementor-widget-text-editor\" data-id=\"4d0b2ac\" data-element_type=\"widget\" data-widget_type=\"text-editor.default\">\n\t\t\t\t<div class=\"elementor-widget-container\">\n\t\t\t\t\t\t\t\t\t<p><strong>Proceso de impresi\u00f3n<br \/><\/strong>Contamos con varias impresoras de hasta\u00a0 6 colores en el anverso y 2 colores en el reverso, estamos en capacidad de imprimir sacos hasta un ancho 30 hasta 85 Cm.<\/p>\t\t\t\t\t\t\t\t<\/div>\n\t\t\t\t<\/div>\n\t\t\t\t\t<\/div>\n\t\t<\/div>\n\t\t\t\t\t<\/div>\n\t\t<\/section>\n\t\t\t\t<section class=\"elementor-section elementor-top-section elementor-element elementor-element-ca2b7f4 elementor-section-boxed elementor-section-height-default elementor-section-height-default\" data-id=\"ca2b7f4\" data-element_type=\"section\">\n\t\t\t\t\t\t<div class=\"elementor-container elementor-column-gap-default\">\n\t\t\t\t\t<div class=\"elementor-column elementor-col-25 elementor-top-column elementor-element elementor-element-bb878e7\" data-id=\"bb878e7\" data-element_type=\"column\">\n\t\t\t<div class=\"elementor-widget-wrap elementor-element-populated\">\n\t\t\t\t\t\t<div class=\"elementor-element elementor-element-0791595 elementor-widget elementor-widget-image\" data-id=\"0791595\" data-element_type=\"widget\" data-widget_type=\"image.default\">\n\t\t\t\t<div class=\"elementor-widget-container\">\n\t\t\t\t\t\t\t\t\t\t\t\t\t\t\t\t<a href=\"http:\/\/ecuasacos.com\/wp-content\/uploads\/2021\/12\/laminacion-sacos-ecuador2.jpeg\" data-elementor-open-lightbox=\"yes\" data-elementor-lightbox-title=\"laminacion-sacos-ecuador2\" data-e-action-hash=\"#elementor-action%3Aaction%3Dlightbox%26settings%3DeyJpZCI6MTUyMSwidXJsIjoiaHR0cDpcL1wvZWN1YXNhY29zLmNvbVwvd3AtY29udGVudFwvdXBsb2Fkc1wvMjAyMVwvMTJcL2xhbWluYWNpb24tc2Fjb3MtZWN1YWRvcjIuanBlZyJ9\">\n\t\t\t\t\t\t\t<img loading=\"lazy\" decoding=\"async\" width=\"1284\" height=\"1069\" src=\"http:\/\/ecuasacos.com\/wp-content\/uploads\/2021\/12\/laminacion-sacos-ecuador2.jpeg\" class=\"attachment-full size-full wp-image-1521\" alt=\"\" srcset=\"http:\/\/ecuasacos.com\/wp-content\/uploads\/2021\/12\/laminacion-sacos-ecuador2.jpeg 1284w, http:\/\/ecuasacos.com\/wp-content\/uploads\/2021\/12\/laminacion-sacos-ecuador2-300x250.jpeg 300w, http:\/\/ecuasacos.com\/wp-content\/uploads\/2021\/12\/laminacion-sacos-ecuador2-1024x853.jpeg 1024w, http:\/\/ecuasacos.com\/wp-content\/uploads\/2021\/12\/laminacion-sacos-ecuador2-768x639.jpeg 768w\" sizes=\"(max-width: 1284px) 100vw, 1284px\" \/>\t\t\t\t\t\t\t\t<\/a>\n\t\t\t\t\t\t\t\t\t\t\t\t\t\t\t<\/div>\n\t\t\t\t<\/div>\n\t\t\t\t\t<\/div>\n\t\t<\/div>\n\t\t\t\t<div class=\"elementor-column elementor-col-25 elementor-top-column elementor-element elementor-element-b18e538\" data-id=\"b18e538\" data-element_type=\"column\">\n\t\t\t<div class=\"elementor-widget-wrap elementor-element-populated\">\n\t\t\t\t\t\t<div class=\"elementor-element elementor-element-91a13c7 elementor-widget elementor-widget-text-editor\" data-id=\"91a13c7\" data-element_type=\"widget\" data-widget_type=\"text-editor.default\">\n\t\t\t\t<div class=\"elementor-widget-container\">\n\t\t\t\t\t\t\t\t\t<p><strong>Proceso de laminaci\u00f3n<br \/><\/strong>Se cuenta con una m\u00e1quina de laminaci\u00f3n de alta capacidad, donde se realiza el proceso a las telas seg\u00fan las necesidades y requerimientos del cliente.<\/p>\t\t\t\t\t\t\t\t<\/div>\n\t\t\t\t<\/div>\n\t\t\t\t\t<\/div>\n\t\t<\/div>\n\t\t\t\t<div class=\"elementor-column elementor-col-25 elementor-top-column elementor-element elementor-element-604de4d\" data-id=\"604de4d\" data-element_type=\"column\">\n\t\t\t<div class=\"elementor-widget-wrap elementor-element-populated\">\n\t\t\t\t\t\t<div class=\"elementor-element elementor-element-68bfa58 elementor-widget elementor-widget-image\" data-id=\"68bfa58\" data-element_type=\"widget\" data-widget_type=\"image.default\">\n\t\t\t\t<div class=\"elementor-widget-container\">\n\t\t\t\t\t\t\t\t\t\t\t\t\t\t\t\t<a href=\"http:\/\/ecuasacos.com\/wp-content\/uploads\/2021\/12\/conversion-sacos-ecuador.jpeg\" data-elementor-open-lightbox=\"yes\" data-elementor-lightbox-title=\"conversion-sacos-ecuador\" data-e-action-hash=\"#elementor-action%3Aaction%3Dlightbox%26settings%3DeyJpZCI6MTQ5OSwidXJsIjoiaHR0cDpcL1wvZWN1YXNhY29zLmNvbVwvd3AtY29udGVudFwvdXBsb2Fkc1wvMjAyMVwvMTJcL2NvbnZlcnNpb24tc2Fjb3MtZWN1YWRvci5qcGVnIn0%3D\">\n\t\t\t\t\t\t\t<img loading=\"lazy\" decoding=\"async\" width=\"812\" height=\"601\" src=\"http:\/\/ecuasacos.com\/wp-content\/uploads\/2021\/12\/conversion-sacos-ecuador.jpeg\" class=\"attachment-large size-large wp-image-1499\" alt=\"\" srcset=\"http:\/\/ecuasacos.com\/wp-content\/uploads\/2021\/12\/conversion-sacos-ecuador.jpeg 1024w, http:\/\/ecuasacos.com\/wp-content\/uploads\/2021\/12\/conversion-sacos-ecuador-300x222.jpeg 300w, http:\/\/ecuasacos.com\/wp-content\/uploads\/2021\/12\/conversion-sacos-ecuador-768x569.jpeg 768w\" sizes=\"(max-width: 812px) 100vw, 812px\" \/>\t\t\t\t\t\t\t\t<\/a>\n\t\t\t\t\t\t\t\t\t\t\t\t\t\t\t<\/div>\n\t\t\t\t<\/div>\n\t\t\t\t\t<\/div>\n\t\t<\/div>\n\t\t\t\t<div class=\"elementor-column elementor-col-25 elementor-top-column elementor-element elementor-element-c971ee3\" data-id=\"c971ee3\" data-element_type=\"column\">\n\t\t\t<div class=\"elementor-widget-wrap elementor-element-populated\">\n\t\t\t\t\t\t<div class=\"elementor-element elementor-element-8300ecf elementor-widget elementor-widget-text-editor\" data-id=\"8300ecf\" data-element_type=\"widget\" data-widget_type=\"text-editor.default\">\n\t\t\t\t<div class=\"elementor-widget-container\">\n\t\t\t\t\t\t\t\t\t<p><span style=\"font-weight: bold; font-size: 14.4px;\">Proceso de conversi\u00f3n<br \/><\/span><span style=\"font-size: 14.4px;\">&#8230;<\/span><\/p>\t\t\t\t\t\t\t\t<\/div>\n\t\t\t\t<\/div>\n\t\t\t\t\t<\/div>\n\t\t<\/div>\n\t\t\t\t\t<\/div>\n\t\t<\/section>\n\t\t\t\t<section class=\"elementor-section elementor-top-section elementor-element elementor-element-5ef990a elementor-section-boxed elementor-section-height-default elementor-section-height-default\" data-id=\"5ef990a\" data-element_type=\"section\">\n\t\t\t\t\t\t<div class=\"elementor-container elementor-column-gap-default\">\n\t\t\t\t\t<div class=\"elementor-column elementor-col-25 elementor-top-column elementor-element elementor-element-dcc24ce\" data-id=\"dcc24ce\" data-element_type=\"column\">\n\t\t\t<div class=\"elementor-widget-wrap elementor-element-populated\">\n\t\t\t\t\t\t<div class=\"elementor-element elementor-element-e6c2728 elementor-widget elementor-widget-image\" data-id=\"e6c2728\" data-element_type=\"widget\" data-widget_type=\"image.default\">\n\t\t\t\t<div class=\"elementor-widget-container\">\n\t\t\t\t\t\t\t\t\t\t\t\t\t\t\t\t<a href=\"http:\/\/ecuasacos.com\/wp-content\/uploads\/2020\/03\/cosedora-ecuasacos1web.jpg\" data-elementor-open-lightbox=\"yes\" data-elementor-lightbox-title=\"cosedora-ecuasacos1web\" data-e-action-hash=\"#elementor-action%3Aaction%3Dlightbox%26settings%3DeyJpZCI6MTQwOCwidXJsIjoiaHR0cDpcL1wvZWN1YXNhY29zLmNvbVwvd3AtY29udGVudFwvdXBsb2Fkc1wvMjAyMFwvMDNcL2Nvc2Vkb3JhLWVjdWFzYWNvczF3ZWIuanBnIn0%3D\">\n\t\t\t\t\t\t\t<img loading=\"lazy\" decoding=\"async\" width=\"945\" height=\"536\" src=\"http:\/\/ecuasacos.com\/wp-content\/uploads\/2020\/03\/cosedora-ecuasacos1web.jpg\" class=\"attachment-full size-full wp-image-1408\" alt=\"\" srcset=\"http:\/\/ecuasacos.com\/wp-content\/uploads\/2020\/03\/cosedora-ecuasacos1web.jpg 945w, http:\/\/ecuasacos.com\/wp-content\/uploads\/2020\/03\/cosedora-ecuasacos1web-300x170.jpg 300w, http:\/\/ecuasacos.com\/wp-content\/uploads\/2020\/03\/cosedora-ecuasacos1web-768x436.jpg 768w\" sizes=\"(max-width: 945px) 100vw, 945px\" \/>\t\t\t\t\t\t\t\t<\/a>\n\t\t\t\t\t\t\t\t\t\t\t\t\t\t\t<\/div>\n\t\t\t\t<\/div>\n\t\t\t\t\t<\/div>\n\t\t<\/div>\n\t\t\t\t<div class=\"elementor-column elementor-col-25 elementor-top-column elementor-element elementor-element-4212758\" data-id=\"4212758\" data-element_type=\"column\">\n\t\t\t<div class=\"elementor-widget-wrap elementor-element-populated\">\n\t\t\t\t\t\t<div class=\"elementor-element elementor-element-c2a2493 elementor-widget elementor-widget-text-editor\" data-id=\"c2a2493\" data-element_type=\"widget\" data-widget_type=\"text-editor.default\">\n\t\t\t\t<div class=\"elementor-widget-container\">\n\t\t\t\t\t\t\t\t\t<p><strong>Proceso cosido en boca<br \/><\/strong>En esta \u00e1rea se cortan rollos impresos, no impresos y convencionales, esta \u00e1rea cuenta con cosedoras autom\u00e1ticas y manuales para un mejor acabado del producto.<\/p>\t\t\t\t\t\t\t\t<\/div>\n\t\t\t\t<\/div>\n\t\t\t\t\t<\/div>\n\t\t<\/div>\n\t\t\t\t<div class=\"elementor-column elementor-col-25 elementor-top-column elementor-element elementor-element-39486d4\" data-id=\"39486d4\" data-element_type=\"column\">\n\t\t\t<div class=\"elementor-widget-wrap elementor-element-populated\">\n\t\t\t\t\t\t<div class=\"elementor-element elementor-element-8390a86 elementor-widget elementor-widget-image\" data-id=\"8390a86\" data-element_type=\"widget\" data-widget_type=\"image.default\">\n\t\t\t\t<div class=\"elementor-widget-container\">\n\t\t\t\t\t\t\t\t\t\t\t\t\t\t\t\t<a href=\"http:\/\/ecuasacos.com\/wp-content\/uploads\/2021\/10\/sacos-polipropileno-calidad7-2.jpg\" data-elementor-open-lightbox=\"yes\" data-elementor-lightbox-title=\"sacos-polipropileno-calidad7-2\" data-e-action-hash=\"#elementor-action%3Aaction%3Dlightbox%26settings%3DeyJpZCI6MTQ1NiwidXJsIjoiaHR0cDpcL1wvZWN1YXNhY29zLmNvbVwvd3AtY29udGVudFwvdXBsb2Fkc1wvMjAyMVwvMTBcL3NhY29zLXBvbGlwcm9waWxlbm8tY2FsaWRhZDctMi5qcGcifQ%3D%3D\">\n\t\t\t\t\t\t\t<img loading=\"lazy\" decoding=\"async\" width=\"945\" height=\"536\" src=\"http:\/\/ecuasacos.com\/wp-content\/uploads\/2021\/10\/sacos-polipropileno-calidad7-2.jpg\" class=\"attachment-full size-full wp-image-1456\" alt=\"\" srcset=\"http:\/\/ecuasacos.com\/wp-content\/uploads\/2021\/10\/sacos-polipropileno-calidad7-2.jpg 945w, http:\/\/ecuasacos.com\/wp-content\/uploads\/2021\/10\/sacos-polipropileno-calidad7-2-300x170.jpg 300w, http:\/\/ecuasacos.com\/wp-content\/uploads\/2021\/10\/sacos-polipropileno-calidad7-2-768x436.jpg 768w\" sizes=\"(max-width: 945px) 100vw, 945px\" \/>\t\t\t\t\t\t\t\t<\/a>\n\t\t\t\t\t\t\t\t\t\t\t\t\t\t\t<\/div>\n\t\t\t\t<\/div>\n\t\t\t\t\t<\/div>\n\t\t<\/div>\n\t\t\t\t<div class=\"elementor-column elementor-col-25 elementor-top-column elementor-element elementor-element-46c6807\" data-id=\"46c6807\" data-element_type=\"column\">\n\t\t\t<div class=\"elementor-widget-wrap elementor-element-populated\">\n\t\t\t\t\t\t<div class=\"elementor-element elementor-element-7525e14 elementor-widget elementor-widget-text-editor\" data-id=\"7525e14\" data-element_type=\"widget\" data-widget_type=\"text-editor.default\">\n\t\t\t\t<div class=\"elementor-widget-container\">\n\t\t\t\t\t\t\t\t\t<p><strong>Proceso de prensa<br \/><\/strong>En esta \u00e1rea se compacta los sacos en grupos de 500 para sacos grandes y 1000 sacos peque\u00f1os y se etiqueta el producto final con la informaci\u00f3n necesaria con el objetivo de facilitar la log\u00edstica y transporte del producto adem\u00e1s se lleva un control del peso.<\/p>\t\t\t\t\t\t\t\t<\/div>\n\t\t\t\t<\/div>\n\t\t\t\t\t<\/div>\n\t\t<\/div>\n\t\t\t\t\t<\/div>\n\t\t<\/section>\n\t\t\t\t<section class=\"elementor-section elementor-top-section elementor-element elementor-element-7d896a5 elementor-section-boxed elementor-section-height-default elementor-section-height-default\" data-id=\"7d896a5\" data-element_type=\"section\">\n\t\t\t\t\t\t<div class=\"elementor-container elementor-column-gap-default\">\n\t\t\t\t\t<div class=\"elementor-column elementor-col-25 elementor-top-column elementor-element elementor-element-e3f53ea\" data-id=\"e3f53ea\" data-element_type=\"column\">\n\t\t\t<div class=\"elementor-widget-wrap elementor-element-populated\">\n\t\t\t\t\t\t<div class=\"elementor-element elementor-element-ee6ba77 elementor-widget elementor-widget-image\" data-id=\"ee6ba77\" data-element_type=\"widget\" data-widget_type=\"image.default\">\n\t\t\t\t<div class=\"elementor-widget-container\">\n\t\t\t\t\t\t\t\t\t\t\t\t\t\t\t\t<a href=\"http:\/\/ecuasacos.com\/wp-content\/uploads\/2020\/01\/sacos-polipropileno-calidad7.jpg\" data-elementor-open-lightbox=\"yes\" data-elementor-lightbox-title=\"sacos-polipropileno-calidad7\" data-e-action-hash=\"#elementor-action%3Aaction%3Dlightbox%26settings%3DeyJpZCI6MTM4NywidXJsIjoiaHR0cDpcL1wvZWN1YXNhY29zLmNvbVwvd3AtY29udGVudFwvdXBsb2Fkc1wvMjAyMFwvMDFcL3NhY29zLXBvbGlwcm9waWxlbm8tY2FsaWRhZDcuanBnIn0%3D\">\n\t\t\t\t\t\t\t<img loading=\"lazy\" decoding=\"async\" width=\"812\" height=\"461\" src=\"http:\/\/ecuasacos.com\/wp-content\/uploads\/2020\/01\/sacos-polipropileno-calidad7.jpg\" class=\"attachment-large size-large wp-image-1387\" alt=\"\" srcset=\"http:\/\/ecuasacos.com\/wp-content\/uploads\/2020\/01\/sacos-polipropileno-calidad7.jpg 945w, http:\/\/ecuasacos.com\/wp-content\/uploads\/2020\/01\/sacos-polipropileno-calidad7-300x170.jpg 300w, http:\/\/ecuasacos.com\/wp-content\/uploads\/2020\/01\/sacos-polipropileno-calidad7-768x436.jpg 768w\" sizes=\"(max-width: 812px) 100vw, 812px\" \/>\t\t\t\t\t\t\t\t<\/a>\n\t\t\t\t\t\t\t\t\t\t\t\t\t\t\t<\/div>\n\t\t\t\t<\/div>\n\t\t\t\t\t<\/div>\n\t\t<\/div>\n\t\t\t\t<div class=\"elementor-column elementor-col-25 elementor-top-column elementor-element elementor-element-5c77c38\" data-id=\"5c77c38\" data-element_type=\"column\">\n\t\t\t<div class=\"elementor-widget-wrap elementor-element-populated\">\n\t\t\t\t\t\t<div class=\"elementor-element elementor-element-3d57c3b elementor-widget elementor-widget-text-editor\" data-id=\"3d57c3b\" data-element_type=\"widget\" data-widget_type=\"text-editor.default\">\n\t\t\t\t<div class=\"elementor-widget-container\">\n\t\t\t\t\t\t\t\t\t<p><span style=\"font-weight: bold; font-size: 14.4px;\">Proceso de control de calidad<br \/><\/span>El control de calidad es un proceso que ayuda a nuestra empresa\u00a0 a operar de manera exitosa, en caso de que se llegara a detectar un problema, se realizan diversos estudios para comprobar que el producto o servicio se haya efectuado con la calidad correspondiente.<\/p>\t\t\t\t\t\t\t\t<\/div>\n\t\t\t\t<\/div>\n\t\t\t\t\t<\/div>\n\t\t<\/div>\n\t\t\t\t<div class=\"elementor-column elementor-col-25 elementor-top-column elementor-element elementor-element-891e486\" data-id=\"891e486\" data-element_type=\"column\">\n\t\t\t<div class=\"elementor-widget-wrap\">\n\t\t\t\t\t\t\t<\/div>\n\t\t<\/div>\n\t\t\t\t<div class=\"elementor-column elementor-col-25 elementor-top-column elementor-element elementor-element-6d87057\" data-id=\"6d87057\" data-element_type=\"column\">\n\t\t\t<div class=\"elementor-widget-wrap\">\n\t\t\t\t\t\t\t<\/div>\n\t\t<\/div>\n\t\t\t\t\t<\/div>\n\t\t<\/section>\n\t\t\t\t<\/div>\n\t\t","protected":false},"excerpt":{"rendered":"<p>Obtenci\u00f3n de la materia primaEl proceso inicia con la obtenci\u00f3n de la materia prima la cual es importada y llega en contenedores para luego ser utilizada en el proceso extrusi\u00f3n. La materia prima que se utilizan normalmente para la elaboraci\u00f3n de los sacos es: Polipropileno, carbonato de calcio, pigmentos. Proceso de extrusi\u00f3nContamos con dos extrusoras [&hellip;]<\/p>\n","protected":false},"author":1,"featured_media":0,"parent":0,"menu_order":0,"comment_status":"closed","ping_status":"closed","template":"page-templates\/pagebuilder.php","meta":{"om_disable_all_campaigns":false,"_monsterinsights_skip_tracking":false,"_monsterinsights_sitenote_active":false,"_monsterinsights_sitenote_note":"","_monsterinsights_sitenote_category":0,"footnotes":""},"class_list":["post-1379","page","type-page","status-publish","hentry"],"jetpack_sharing_enabled":true,"_links":{"self":[{"href":"http:\/\/ecuasacos.com\/index.php\/wp-json\/wp\/v2\/pages\/1379","targetHints":{"allow":["GET"]}}],"collection":[{"href":"http:\/\/ecuasacos.com\/index.php\/wp-json\/wp\/v2\/pages"}],"about":[{"href":"http:\/\/ecuasacos.com\/index.php\/wp-json\/wp\/v2\/types\/page"}],"author":[{"embeddable":true,"href":"http:\/\/ecuasacos.com\/index.php\/wp-json\/wp\/v2\/users\/1"}],"replies":[{"embeddable":true,"href":"http:\/\/ecuasacos.com\/index.php\/wp-json\/wp\/v2\/comments?post=1379"}],"version-history":[{"count":43,"href":"http:\/\/ecuasacos.com\/index.php\/wp-json\/wp\/v2\/pages\/1379\/revisions"}],"predecessor-version":[{"id":1538,"href":"http:\/\/ecuasacos.com\/index.php\/wp-json\/wp\/v2\/pages\/1379\/revisions\/1538"}],"wp:attachment":[{"href":"http:\/\/ecuasacos.com\/index.php\/wp-json\/wp\/v2\/media?parent=1379"}],"curies":[{"name":"wp","href":"https:\/\/api.w.org\/{rel}","templated":true}]}}