{"id":387,"date":"2019-02-06T15:29:31","date_gmt":"2019-02-06T15:29:31","guid":{"rendered":"http:\/\/concerned-coyote.w5.wpsandbox.pro\/?page_id=387"},"modified":"2022-04-04T16:27:59","modified_gmt":"2022-04-04T21:27:59","slug":"contactenos","status":"publish","type":"page","link":"http:\/\/ecuasacos.com\/index.php\/contactenos\/","title":{"rendered":"Cont\u00e1ctenos"},"content":{"rendered":"\t\t<div data-elementor-type=\"wp-page\" data-elementor-id=\"387\" class=\"elementor elementor-387\">\n\t\t\t\t\t\t<section class=\"elementor-section elementor-top-section elementor-element elementor-element-6bf5fd26 elementor-section-content-middle elementor-section-boxed elementor-section-height-default elementor-section-height-default\" data-id=\"6bf5fd26\" data-element_type=\"section\">\n\t\t\t\t\t\t<div class=\"elementor-container elementor-column-gap-default\">\n\t\t\t\t\t<div class=\"elementor-column elementor-col-50 elementor-top-column elementor-element elementor-element-1341bd9d\" data-id=\"1341bd9d\" data-element_type=\"column\">\n\t\t\t<div class=\"elementor-widget-wrap elementor-element-populated\">\n\t\t\t\t\t\t<div class=\"elementor-element elementor-element-eb344cd elementor-widget elementor-widget-google_maps\" data-id=\"eb344cd\" data-element_type=\"widget\" data-widget_type=\"google_maps.default\">\n\t\t\t\t<div class=\"elementor-widget-container\">\n\t\t\t\t\t\t\t<div class=\"elementor-custom-embed\">\n\t\t\t<iframe loading=\"lazy\"\n\t\t\t\t\tsrc=\"https:\/\/maps.google.com\/maps?q=Acclusol%20S.A.&#038;t=m&#038;z=14&#038;output=embed&#038;iwloc=near\"\n\t\t\t\t\ttitle=\"Acclusol S.A.\"\n\t\t\t\t\taria-label=\"Acclusol S.A.\"\n\t\t\t><\/iframe>\n\t\t<\/div>\n\t\t\t\t\t\t<\/div>\n\t\t\t\t<\/div>\n\t\t\t\t\t<\/div>\n\t\t<\/div>\n\t\t\t\t<div class=\"elementor-column elementor-col-50 elementor-top-column elementor-element elementor-element-5660b4f\" data-id=\"5660b4f\" data-element_type=\"column\">\n\t\t\t<div class=\"elementor-widget-wrap elementor-element-populated\">\n\t\t\t\t\t\t<div class=\"elementor-element elementor-element-fa90b66 elementor-widget elementor-widget-text-editor\" data-id=\"fa90b66\" data-element_type=\"widget\" data-widget_type=\"text-editor.default\">\n\t\t\t\t<div class=\"elementor-widget-container\">\n\t\t\t\t\t\t\t\t\t<p>Perm\u00edtanos servirle, conocer sus inquietudes acerca de empaques, cotizarle en l\u00ednea o simplemente h\u00e1ganos saber sus comentarios.<\/p>\n<p><strong>Direcci\u00f3n:<\/strong>&nbsp;Km. 10 V\u00eda Daule Av. Higuerillas y Quinquellas<br><strong>Celular:<\/strong>&nbsp;0984485783-0958866498-0989913246 &#8211; 0993907075<br><strong>Mail:<\/strong>&nbsp;<a href=\"mailto:info@ecuasacos.com\">info@ecuasacos.com<\/a>&nbsp;&#8211; <a href=\"mailto:pameladejuez@ecuasacos.com\">pameladejuez@ecuasacos.com<\/a><\/p>\n<div class=\"wpforms-container wpforms-container-full\" id=\"wpforms-1398\"><form id=\"wpforms-form-1398\" class=\"wpforms-validate wpforms-form\" data-formid=\"1398\" method=\"post\" enctype=\"multipart\/form-data\" action=\"\/index.php\/wp-json\/wp\/v2\/pages\/387\" data-token=\"da75dd141d01915e9e488c74ae29e5e9\" data-token-time=\"1776218789\"><noscript class=\"wpforms-error-noscript\">Por favor, activa JavaScript en tu navegador para completar este formulario.<\/noscript><div class=\"wpforms-field-container\"><div id=\"wpforms-1398-field_0-container\" class=\"wpforms-field wpforms-field-name\" data-field-id=\"0\"><label class=\"wpforms-field-label\" for=\"wpforms-1398-field_0\">Nombres <span class=\"wpforms-required-label\">*<\/span><\/label><input type=\"text\" id=\"wpforms-1398-field_0\" class=\"wpforms-field-medium wpforms-field-required\" name=\"wpforms[fields][0]\" required><\/div><div id=\"wpforms-1398-field_1-container\" class=\"wpforms-field wpforms-field-email\" data-field-id=\"1\"><label class=\"wpforms-field-label\" for=\"wpforms-1398-field_1\">Email <span class=\"wpforms-required-label\">*<\/span><\/label><input type=\"email\" id=\"wpforms-1398-field_1\" class=\"wpforms-field-medium wpforms-field-required\" name=\"wpforms[fields][1]\" spellcheck=\"false\" required><\/div><div id=\"wpforms-1398-field_2-container\" class=\"wpforms-field wpforms-field-textarea\" data-field-id=\"2\"><label class=\"wpforms-field-label\" for=\"wpforms-1398-field_2\">Mensaje <span class=\"wpforms-required-label\">*<\/span><\/label><textarea id=\"wpforms-1398-field_2\" class=\"wpforms-field-medium wpforms-field-required\" name=\"wpforms[fields][2]\" required><\/textarea><\/div><\/div><!-- .wpforms-field-container --><div class=\"wpforms-field wpforms-field-hp\"><label for=\"wpforms-1398-field-hp\" class=\"wpforms-field-label\">Name<\/label><input type=\"text\" name=\"wpforms[hp]\" id=\"wpforms-1398-field-hp\" class=\"wpforms-field-medium\"><\/div><div class=\"wpforms-recaptcha-container wpforms-is-recaptcha wpforms-is-recaptcha-type-v2\" ><div class=\"g-recaptcha\" data-sitekey=\"6Le9TM8UAAAAAH9iliKuK2AHfOjcybhHjoCc9nzj\"><\/div><input type=\"text\" name=\"g-recaptcha-hidden\" class=\"wpforms-recaptcha-hidden\" style=\"position:absolute!important;clip:rect(0,0,0,0)!important;height:1px!important;width:1px!important;border:0!important;overflow:hidden!important;padding:0!important;margin:0!important;\" data-rule-recaptcha=\"1\"><\/div><div class=\"wpforms-submit-container\" ><input type=\"hidden\" name=\"wpforms[id]\" value=\"1398\"><input type=\"hidden\" name=\"page_title\" value=\"\"><input type=\"hidden\" name=\"page_url\" value=\"http:\/\/ecuasacos.com\/index.php\/wp-json\/wp\/v2\/pages\/387\"><input type=\"hidden\" name=\"url_referer\" value=\"\"><button type=\"submit\" name=\"wpforms[submit]\" id=\"wpforms-submit-1398\" class=\"wpforms-submit\" data-alt-text=\"Enviando...\" data-submit-text=\"Enviar\" aria-live=\"assertive\" value=\"wpforms-submit\">Enviar<\/button><\/div><\/form><\/div>  <!-- .wpforms-container -->\t\t\t\t\t\t\t\t<\/div>\n\t\t\t\t<\/div>\n\t\t\t\t\t<\/div>\n\t\t<\/div>\n\t\t\t\t\t<\/div>\n\t\t<\/section>\n\t\t\t\t<\/div>\n\t\t","protected":false},"excerpt":{"rendered":"<p>Perm\u00edtanos servirle, conocer sus inquietudes acerca de empaques, cotizarle en l\u00ednea o simplemente h\u00e1ganos saber sus comentarios. Direcci\u00f3n:&nbsp;Km. 10 V\u00eda Daule Av. Higuerillas y QuinquellasCelular:&nbsp;0984485783-0958866498-0989913246 &#8211; 0993907075Mail:&nbsp;info@ecuasacos.com&nbsp;&#8211; pameladejuez@ecuasacos.com<\/p>\n","protected":false},"author":1,"featured_media":0,"parent":0,"menu_order":0,"comment_status":"closed","ping_status":"closed","template":"page-templates\/pagebuilder.php","meta":{"om_disable_all_campaigns":false,"_monsterinsights_skip_tracking":false,"_monsterinsights_sitenote_active":false,"_monsterinsights_sitenote_note":"","_monsterinsights_sitenote_category":0,"footnotes":""},"class_list":["post-387","page","type-page","status-publish","hentry"],"jetpack_sharing_enabled":true,"_links":{"self":[{"href":"http:\/\/ecuasacos.com\/index.php\/wp-json\/wp\/v2\/pages\/387","targetHints":{"allow":["GET"]}}],"collection":[{"href":"http:\/\/ecuasacos.com\/index.php\/wp-json\/wp\/v2\/pages"}],"about":[{"href":"http:\/\/ecuasacos.com\/index.php\/wp-json\/wp\/v2\/types\/page"}],"author":[{"embeddable":true,"href":"http:\/\/ecuasacos.com\/index.php\/wp-json\/wp\/v2\/users\/1"}],"replies":[{"embeddable":true,"href":"http:\/\/ecuasacos.com\/index.php\/wp-json\/wp\/v2\/comments?post=387"}],"version-history":[{"count":26,"href":"http:\/\/ecuasacos.com\/index.php\/wp-json\/wp\/v2\/pages\/387\/revisions"}],"predecessor-version":[{"id":1541,"href":"http:\/\/ecuasacos.com\/index.php\/wp-json\/wp\/v2\/pages\/387\/revisions\/1541"}],"wp:attachment":[{"href":"http:\/\/ecuasacos.com\/index.php\/wp-json\/wp\/v2\/media?parent=387"}],"curies":[{"name":"wp","href":"https:\/\/api.w.org\/{rel}","templated":true}]}}